{"id":1104,"date":"2025-04-29T10:31:00","date_gmt":"2025-04-29T08:31:00","guid":{"rendered":"https:\/\/sangiorgio.muzastaging.it\/bar\/"},"modified":"2026-03-27T10:06:28","modified_gmt":"2026-03-27T09:06:28","slug":"bar","status":"publish","type":"page","link":"https:\/\/barsangiorgio.com\/de\/bar\/","title":{"rendered":"Bar"},"content":{"rendered":"","protected":false},"excerpt":{"rendered":"","protected":false},"author":1,"featured_media":0,"parent":0,"menu_order":0,"comment_status":"closed","ping_status":"closed","template":"","meta":{"footnotes":""},"class_list":["post-1104","page","type-page","status-publish","hentry"],"yoast_head":"<!-- This site is optimized with the Yoast SEO plugin v25.3 - https:\/\/yoast.com\/wordpress\/plugins\/seo\/ -->\n<title>Bar Taormina \u2013 Antico Caff\u00e8 San Giorgio<\/title>\n<meta name=\"description\" content=\"Antico Caff\u00e8 San Giorgio, ein historisches Caf\u00e9 in Castelmola: Kaffee, typische sizilianische S\u00fc\u00dfspeisen und der ber\u00fchmte Mandelwein Blandanino.\" \/>\n<meta name=\"robots\" content=\"index, follow, max-snippet:-1, max-image-preview:large, max-video-preview:-1\" \/>\n<link rel=\"canonical\" href=\"https:\/\/barsangiorgio.com\/de\/bar\/\" \/>\n<meta property=\"og:locale\" content=\"de_DE\" \/>\n<meta property=\"og:type\" content=\"article\" \/>\n<meta property=\"og:title\" content=\"Bar Taormina \u2013 Antico Caff\u00e8 San Giorgio\" \/>\n<meta property=\"og:description\" content=\"Antico Caff\u00e8 San Giorgio, ein historisches Caf\u00e9 in Castelmola: Kaffee, typische sizilianische S\u00fc\u00dfspeisen und der ber\u00fchmte Mandelwein Blandanino.\" \/>\n<meta property=\"og:url\" content=\"https:\/\/barsangiorgio.com\/de\/bar\/\" \/>\n<meta property=\"og:site_name\" content=\"Antico Bar San Giorgio\" \/>\n<meta property=\"article:modified_time\" content=\"2026-03-27T09:06:28+00:00\" \/>\n<meta name=\"twitter:card\" content=\"summary_large_image\" \/>\n<meta name=\"twitter:label1\" content=\"Gesch\u00e4tzte Lesezeit\" \/>\n\t<meta name=\"twitter:data1\" content=\"5\u00a0Minuten\" \/>\n<script type=\"application\/ld+json\" class=\"yoast-schema-graph\">{\"@context\":\"https:\/\/schema.org\",\"@graph\":[{\"@type\":\"WebPage\",\"@id\":\"https:\/\/barsangiorgio.com\/de\/bar\/\",\"url\":\"https:\/\/barsangiorgio.com\/de\/bar\/\",\"name\":\"Bar Taormina \u2013 Antico Caff\u00e8 San Giorgio\",\"isPartOf\":{\"@id\":\"https:\/\/barsangiorgio.com\/de\/#website\"},\"datePublished\":\"2025-04-29T08:31:00+00:00\",\"dateModified\":\"2026-03-27T09:06:28+00:00\",\"description\":\"Antico Caff\u00e8 San Giorgio, ein historisches Caf\u00e9 in Castelmola: Kaffee, typische sizilianische S\u00fc\u00dfspeisen und der ber\u00fchmte Mandelwein Blandanino.\",\"breadcrumb\":{\"@id\":\"https:\/\/barsangiorgio.com\/de\/bar\/#breadcrumb\"},\"inLanguage\":\"de\",\"potentialAction\":[{\"@type\":\"ReadAction\",\"target\":[\"https:\/\/barsangiorgio.com\/de\/bar\/\"]}]},{\"@type\":\"BreadcrumbList\",\"@id\":\"https:\/\/barsangiorgio.com\/de\/bar\/#breadcrumb\",\"itemListElement\":[{\"@type\":\"ListItem\",\"position\":1,\"name\":\"Home\",\"item\":\"https:\/\/barsangiorgio.com\/de\/\"},{\"@type\":\"ListItem\",\"position\":2,\"name\":\"Bar\"}]},{\"@type\":\"WebSite\",\"@id\":\"https:\/\/barsangiorgio.com\/de\/#website\",\"url\":\"https:\/\/barsangiorgio.com\/de\/\",\"name\":\"Antico Bar San Giorgio\",\"description\":\"\",\"publisher\":{\"@id\":\"https:\/\/barsangiorgio.com\/de\/#organization\"},\"potentialAction\":[{\"@type\":\"SearchAction\",\"target\":{\"@type\":\"EntryPoint\",\"urlTemplate\":\"https:\/\/barsangiorgio.com\/de\/?s={search_term_string}\"},\"query-input\":{\"@type\":\"PropertyValueSpecification\",\"valueRequired\":true,\"valueName\":\"search_term_string\"}}],\"inLanguage\":\"de\"},{\"@type\":\"Organization\",\"@id\":\"https:\/\/barsangiorgio.com\/de\/#organization\",\"name\":\"Antico Bar San Giorgio\",\"url\":\"https:\/\/barsangiorgio.com\/de\/\",\"logo\":{\"@type\":\"ImageObject\",\"inLanguage\":\"de\",\"@id\":\"https:\/\/barsangiorgio.com\/de\/#\/schema\/logo\/image\/\",\"url\":\"https:\/\/barsangiorgio.com\/wp-content\/uploads\/2025\/05\/LogoSanGiorgio-03.svg\",\"contentUrl\":\"https:\/\/barsangiorgio.com\/wp-content\/uploads\/2025\/05\/LogoSanGiorgio-03.svg\",\"width\":1202,\"height\":456,\"caption\":\"Antico Bar San Giorgio\"},\"image\":{\"@id\":\"https:\/\/barsangiorgio.com\/de\/#\/schema\/logo\/image\/\"}}]}<\/script>\n<!-- \/ Yoast SEO plugin. -->","yoast_head_json":{"title":"Bar Taormina \u2013 Antico Caff\u00e8 San Giorgio","description":"Antico Caff\u00e8 San Giorgio, ein historisches Caf\u00e9 in Castelmola: Kaffee, typische sizilianische S\u00fc\u00dfspeisen und der ber\u00fchmte Mandelwein Blandanino.","robots":{"index":"index","follow":"follow","max-snippet":"max-snippet:-1","max-image-preview":"max-image-preview:large","max-video-preview":"max-video-preview:-1"},"canonical":"https:\/\/barsangiorgio.com\/de\/bar\/","og_locale":"de_DE","og_type":"article","og_title":"Bar Taormina \u2013 Antico Caff\u00e8 San Giorgio","og_description":"Antico Caff\u00e8 San Giorgio, ein historisches Caf\u00e9 in Castelmola: Kaffee, typische sizilianische S\u00fc\u00dfspeisen und der ber\u00fchmte Mandelwein Blandanino.","og_url":"https:\/\/barsangiorgio.com\/de\/bar\/","og_site_name":"Antico Bar San Giorgio","article_modified_time":"2026-03-27T09:06:28+00:00","twitter_card":"summary_large_image","twitter_misc":{"Gesch\u00e4tzte Lesezeit":"5\u00a0Minuten"},"schema":{"@context":"https:\/\/schema.org","@graph":[{"@type":"WebPage","@id":"https:\/\/barsangiorgio.com\/de\/bar\/","url":"https:\/\/barsangiorgio.com\/de\/bar\/","name":"Bar Taormina \u2013 Antico Caff\u00e8 San Giorgio","isPartOf":{"@id":"https:\/\/barsangiorgio.com\/de\/#website"},"datePublished":"2025-04-29T08:31:00+00:00","dateModified":"2026-03-27T09:06:28+00:00","description":"Antico Caff\u00e8 San Giorgio, ein historisches Caf\u00e9 in Castelmola: Kaffee, typische sizilianische S\u00fc\u00dfspeisen und der ber\u00fchmte Mandelwein Blandanino.","breadcrumb":{"@id":"https:\/\/barsangiorgio.com\/de\/bar\/#breadcrumb"},"inLanguage":"de","potentialAction":[{"@type":"ReadAction","target":["https:\/\/barsangiorgio.com\/de\/bar\/"]}]},{"@type":"BreadcrumbList","@id":"https:\/\/barsangiorgio.com\/de\/bar\/#breadcrumb","itemListElement":[{"@type":"ListItem","position":1,"name":"Home","item":"https:\/\/barsangiorgio.com\/de\/"},{"@type":"ListItem","position":2,"name":"Bar"}]},{"@type":"WebSite","@id":"https:\/\/barsangiorgio.com\/de\/#website","url":"https:\/\/barsangiorgio.com\/de\/","name":"Antico Bar San Giorgio","description":"","publisher":{"@id":"https:\/\/barsangiorgio.com\/de\/#organization"},"potentialAction":[{"@type":"SearchAction","target":{"@type":"EntryPoint","urlTemplate":"https:\/\/barsangiorgio.com\/de\/?s={search_term_string}"},"query-input":{"@type":"PropertyValueSpecification","valueRequired":true,"valueName":"search_term_string"}}],"inLanguage":"de"},{"@type":"Organization","@id":"https:\/\/barsangiorgio.com\/de\/#organization","name":"Antico Bar San Giorgio","url":"https:\/\/barsangiorgio.com\/de\/","logo":{"@type":"ImageObject","inLanguage":"de","@id":"https:\/\/barsangiorgio.com\/de\/#\/schema\/logo\/image\/","url":"https:\/\/barsangiorgio.com\/wp-content\/uploads\/2025\/05\/LogoSanGiorgio-03.svg","contentUrl":"https:\/\/barsangiorgio.com\/wp-content\/uploads\/2025\/05\/LogoSanGiorgio-03.svg","width":1202,"height":456,"caption":"Antico Bar San Giorgio"},"image":{"@id":"https:\/\/barsangiorgio.com\/de\/#\/schema\/logo\/image\/"}}]}},"meta_box":[],"_links":{"self":[{"href":"https:\/\/barsangiorgio.com\/de\/wp-json\/wp\/v2\/pages\/1104","targetHints":{"allow":["GET"]}}],"collection":[{"href":"https:\/\/barsangiorgio.com\/de\/wp-json\/wp\/v2\/pages"}],"about":[{"href":"https:\/\/barsangiorgio.com\/de\/wp-json\/wp\/v2\/types\/page"}],"author":[{"embeddable":true,"href":"https:\/\/barsangiorgio.com\/de\/wp-json\/wp\/v2\/users\/1"}],"replies":[{"embeddable":true,"href":"https:\/\/barsangiorgio.com\/de\/wp-json\/wp\/v2\/comments?post=1104"}],"version-history":[{"count":1,"href":"https:\/\/barsangiorgio.com\/de\/wp-json\/wp\/v2\/pages\/1104\/revisions"}],"predecessor-version":[{"id":1270,"href":"https:\/\/barsangiorgio.com\/de\/wp-json\/wp\/v2\/pages\/1104\/revisions\/1270"}],"wp:attachment":[{"href":"https:\/\/barsangiorgio.com\/de\/wp-json\/wp\/v2\/media?parent=1104"}],"curies":[{"name":"wp","href":"https:\/\/api.w.org\/{rel}","templated":true}]}}