{"id":1077,"date":"2025-04-29T10:31:07","date_gmt":"2025-04-29T08:31:07","guid":{"rendered":"https:\/\/sangiorgio.muzastaging.it\/restaurant\/"},"modified":"2026-03-27T10:02:45","modified_gmt":"2026-03-27T09:02:45","slug":"restaurant","status":"publish","type":"page","link":"https:\/\/barsangiorgio.com\/fr\/restaurant\/","title":{"rendered":"Restaurant"},"content":{"rendered":"","protected":false},"excerpt":{"rendered":"","protected":false},"author":1,"featured_media":0,"parent":0,"menu_order":0,"comment_status":"closed","ping_status":"closed","template":"","meta":{"footnotes":""},"class_list":["post-1077","page","type-page","status-publish","hentry"],"yoast_head":"<!-- This site is optimized with the Yoast SEO plugin v25.3 - https:\/\/yoast.com\/wordpress\/plugins\/seo\/ -->\n<title>Restaurant Castelmola \u2013 Antico Bar San Giorgio<\/title>\n<meta name=\"description\" content=\"Restaurant Antico Caff\u00e8 San Giorgio \u00e0 Castelmola : plats siciliens traditionnels, ingr\u00e9dients authentiques et patrimoine culinaire au c\u0153ur du village.\" \/>\n<meta name=\"robots\" content=\"index, follow, max-snippet:-1, max-image-preview:large, max-video-preview:-1\" \/>\n<link rel=\"canonical\" href=\"https:\/\/barsangiorgio.com\/fr\/restaurant\/\" \/>\n<meta property=\"og:locale\" content=\"fr_FR\" \/>\n<meta property=\"og:type\" content=\"article\" \/>\n<meta property=\"og:title\" content=\"Restaurant Castelmola \u2013 Antico Bar San Giorgio\" \/>\n<meta property=\"og:description\" content=\"Restaurant Antico Caff\u00e8 San Giorgio \u00e0 Castelmola : plats siciliens traditionnels, ingr\u00e9dients authentiques et patrimoine culinaire au c\u0153ur du village.\" \/>\n<meta property=\"og:url\" content=\"https:\/\/barsangiorgio.com\/fr\/restaurant\/\" \/>\n<meta property=\"og:site_name\" content=\"Antico Bar San Giorgio\" \/>\n<meta property=\"article:modified_time\" content=\"2026-03-27T09:02:45+00:00\" \/>\n<meta name=\"twitter:card\" content=\"summary_large_image\" \/>\n<meta name=\"twitter:label1\" content=\"Dur\u00e9e de lecture estim\u00e9e\" \/>\n\t<meta name=\"twitter:data1\" content=\"5 minutes\" \/>\n<script type=\"application\/ld+json\" class=\"yoast-schema-graph\">{\"@context\":\"https:\/\/schema.org\",\"@graph\":[{\"@type\":\"WebPage\",\"@id\":\"https:\/\/barsangiorgio.com\/fr\/restaurant\/\",\"url\":\"https:\/\/barsangiorgio.com\/fr\/restaurant\/\",\"name\":\"Restaurant Castelmola \u2013 Antico Bar San Giorgio\",\"isPartOf\":{\"@id\":\"https:\/\/barsangiorgio.com\/fr\/#website\"},\"datePublished\":\"2025-04-29T08:31:07+00:00\",\"dateModified\":\"2026-03-27T09:02:45+00:00\",\"description\":\"Restaurant Antico Caff\u00e8 San Giorgio \u00e0 Castelmola : plats siciliens traditionnels, ingr\u00e9dients authentiques et patrimoine culinaire au c\u0153ur du village.\",\"breadcrumb\":{\"@id\":\"https:\/\/barsangiorgio.com\/fr\/restaurant\/#breadcrumb\"},\"inLanguage\":\"fr-FR\",\"potentialAction\":[{\"@type\":\"ReadAction\",\"target\":[\"https:\/\/barsangiorgio.com\/fr\/restaurant\/\"]}]},{\"@type\":\"BreadcrumbList\",\"@id\":\"https:\/\/barsangiorgio.com\/fr\/restaurant\/#breadcrumb\",\"itemListElement\":[{\"@type\":\"ListItem\",\"position\":1,\"name\":\"Home\",\"item\":\"https:\/\/barsangiorgio.com\/fr\/\"},{\"@type\":\"ListItem\",\"position\":2,\"name\":\"Restaurant\"}]},{\"@type\":\"WebSite\",\"@id\":\"https:\/\/barsangiorgio.com\/fr\/#website\",\"url\":\"https:\/\/barsangiorgio.com\/fr\/\",\"name\":\"Antico Bar San Giorgio\",\"description\":\"\",\"publisher\":{\"@id\":\"https:\/\/barsangiorgio.com\/fr\/#organization\"},\"potentialAction\":[{\"@type\":\"SearchAction\",\"target\":{\"@type\":\"EntryPoint\",\"urlTemplate\":\"https:\/\/barsangiorgio.com\/fr\/?s={search_term_string}\"},\"query-input\":{\"@type\":\"PropertyValueSpecification\",\"valueRequired\":true,\"valueName\":\"search_term_string\"}}],\"inLanguage\":\"fr-FR\"},{\"@type\":\"Organization\",\"@id\":\"https:\/\/barsangiorgio.com\/fr\/#organization\",\"name\":\"Antico Bar San Giorgio\",\"url\":\"https:\/\/barsangiorgio.com\/fr\/\",\"logo\":{\"@type\":\"ImageObject\",\"inLanguage\":\"fr-FR\",\"@id\":\"https:\/\/barsangiorgio.com\/fr\/#\/schema\/logo\/image\/\",\"url\":\"https:\/\/barsangiorgio.com\/wp-content\/uploads\/2025\/05\/LogoSanGiorgio-03.svg\",\"contentUrl\":\"https:\/\/barsangiorgio.com\/wp-content\/uploads\/2025\/05\/LogoSanGiorgio-03.svg\",\"width\":1202,\"height\":456,\"caption\":\"Antico Bar San Giorgio\"},\"image\":{\"@id\":\"https:\/\/barsangiorgio.com\/fr\/#\/schema\/logo\/image\/\"}}]}<\/script>\n<!-- \/ Yoast SEO plugin. -->","yoast_head_json":{"title":"Restaurant Castelmola \u2013 Antico Bar San Giorgio","description":"Restaurant Antico Caff\u00e8 San Giorgio \u00e0 Castelmola : plats siciliens traditionnels, ingr\u00e9dients authentiques et patrimoine culinaire au c\u0153ur du village.","robots":{"index":"index","follow":"follow","max-snippet":"max-snippet:-1","max-image-preview":"max-image-preview:large","max-video-preview":"max-video-preview:-1"},"canonical":"https:\/\/barsangiorgio.com\/fr\/restaurant\/","og_locale":"fr_FR","og_type":"article","og_title":"Restaurant Castelmola \u2013 Antico Bar San Giorgio","og_description":"Restaurant Antico Caff\u00e8 San Giorgio \u00e0 Castelmola : plats siciliens traditionnels, ingr\u00e9dients authentiques et patrimoine culinaire au c\u0153ur du village.","og_url":"https:\/\/barsangiorgio.com\/fr\/restaurant\/","og_site_name":"Antico Bar San Giorgio","article_modified_time":"2026-03-27T09:02:45+00:00","twitter_card":"summary_large_image","twitter_misc":{"Dur\u00e9e de lecture estim\u00e9e":"5 minutes"},"schema":{"@context":"https:\/\/schema.org","@graph":[{"@type":"WebPage","@id":"https:\/\/barsangiorgio.com\/fr\/restaurant\/","url":"https:\/\/barsangiorgio.com\/fr\/restaurant\/","name":"Restaurant Castelmola \u2013 Antico Bar San Giorgio","isPartOf":{"@id":"https:\/\/barsangiorgio.com\/fr\/#website"},"datePublished":"2025-04-29T08:31:07+00:00","dateModified":"2026-03-27T09:02:45+00:00","description":"Restaurant Antico Caff\u00e8 San Giorgio \u00e0 Castelmola : plats siciliens traditionnels, ingr\u00e9dients authentiques et patrimoine culinaire au c\u0153ur du village.","breadcrumb":{"@id":"https:\/\/barsangiorgio.com\/fr\/restaurant\/#breadcrumb"},"inLanguage":"fr-FR","potentialAction":[{"@type":"ReadAction","target":["https:\/\/barsangiorgio.com\/fr\/restaurant\/"]}]},{"@type":"BreadcrumbList","@id":"https:\/\/barsangiorgio.com\/fr\/restaurant\/#breadcrumb","itemListElement":[{"@type":"ListItem","position":1,"name":"Home","item":"https:\/\/barsangiorgio.com\/fr\/"},{"@type":"ListItem","position":2,"name":"Restaurant"}]},{"@type":"WebSite","@id":"https:\/\/barsangiorgio.com\/fr\/#website","url":"https:\/\/barsangiorgio.com\/fr\/","name":"Antico Bar San Giorgio","description":"","publisher":{"@id":"https:\/\/barsangiorgio.com\/fr\/#organization"},"potentialAction":[{"@type":"SearchAction","target":{"@type":"EntryPoint","urlTemplate":"https:\/\/barsangiorgio.com\/fr\/?s={search_term_string}"},"query-input":{"@type":"PropertyValueSpecification","valueRequired":true,"valueName":"search_term_string"}}],"inLanguage":"fr-FR"},{"@type":"Organization","@id":"https:\/\/barsangiorgio.com\/fr\/#organization","name":"Antico Bar San Giorgio","url":"https:\/\/barsangiorgio.com\/fr\/","logo":{"@type":"ImageObject","inLanguage":"fr-FR","@id":"https:\/\/barsangiorgio.com\/fr\/#\/schema\/logo\/image\/","url":"https:\/\/barsangiorgio.com\/wp-content\/uploads\/2025\/05\/LogoSanGiorgio-03.svg","contentUrl":"https:\/\/barsangiorgio.com\/wp-content\/uploads\/2025\/05\/LogoSanGiorgio-03.svg","width":1202,"height":456,"caption":"Antico Bar San Giorgio"},"image":{"@id":"https:\/\/barsangiorgio.com\/fr\/#\/schema\/logo\/image\/"}}]}},"meta_box":[],"_links":{"self":[{"href":"https:\/\/barsangiorgio.com\/fr\/wp-json\/wp\/v2\/pages\/1077","targetHints":{"allow":["GET"]}}],"collection":[{"href":"https:\/\/barsangiorgio.com\/fr\/wp-json\/wp\/v2\/pages"}],"about":[{"href":"https:\/\/barsangiorgio.com\/fr\/wp-json\/wp\/v2\/types\/page"}],"author":[{"embeddable":true,"href":"https:\/\/barsangiorgio.com\/fr\/wp-json\/wp\/v2\/users\/1"}],"replies":[{"embeddable":true,"href":"https:\/\/barsangiorgio.com\/fr\/wp-json\/wp\/v2\/comments?post=1077"}],"version-history":[{"count":1,"href":"https:\/\/barsangiorgio.com\/fr\/wp-json\/wp\/v2\/pages\/1077\/revisions"}],"predecessor-version":[{"id":1093,"href":"https:\/\/barsangiorgio.com\/fr\/wp-json\/wp\/v2\/pages\/1077\/revisions\/1093"}],"wp:attachment":[{"href":"https:\/\/barsangiorgio.com\/fr\/wp-json\/wp\/v2\/media?parent=1077"}],"curies":[{"name":"wp","href":"https:\/\/api.w.org\/{rel}","templated":true}]}}